{"id":6,"date":"2025-04-08T15:34:57","date_gmt":"2025-04-08T15:34:57","guid":{"rendered":"https:\/\/formtest.routerb.ro\/?page_id=6"},"modified":"2025-04-08T15:34:57","modified_gmt":"2025-04-08T15:34:57","slug":"test","status":"publish","type":"page","link":"https:\/\/formtest.routerb.ro\/index.php\/test\/","title":{"rendered":"test"},"content":{"rendered":"\n        <div id=\"complaint-form-container\">\n            <div id=\"complaint-form-general-error\" class=\"form-error-message\" style=\"display: none; color: red; margin-bottom: 15px; border: 1px solid red; padding: 10px;\"><\/div>\n\n            <form id=\"complaint-form\" method=\"post\" action=\"https:\/\/formtest.routerb.ro\/wp-admin\/admin-post.php\" novalidate>\n                <input type=\"hidden\" name=\"action\" value=\"initiate_complaint_submission\">\n                <input type=\"hidden\" id=\"complaint_form_nonce\" name=\"complaint_form_nonce\" value=\"db86da8ebb\" \/><input type=\"hidden\" name=\"_wp_http_referer\" value=\"\/index.php\/wp-json\/wp\/v2\/pages\/6\" \/>\n                <div class=\"form-section\">\n                    <h3>Date personale<\/h3>\n                    <div class=\"form-row\">\n                        <label for=\"name\">Prenume \u0219i nume\/ Denumire entitate <span class=\"required\">*<\/span><\/label>\n                        <input type=\"text\" id=\"name\" name=\"name\" maxlength=\"150\" required pattern=\"[A-Za-z\u0102\u0103\u00c2\u00e2\u00ce\u00ee\u0218\u0219\u021a\u021b\\s\\-'.]+\" title=\"Permise doar litere, spa\u021bii, cratim\u0103, apostrof, punct\">\n                        <span class=\"form-error-message\" id=\"name-error\"><\/span>\n                    <\/div>\n                    <div class=\"form-row\">\n                        <label for=\"address\">Adres\u0103 domiciliu\/ sediu<\/label>\n                        <input type=\"text\" id=\"address\" name=\"address\" maxlength=\"250\" pattern=\"[A-Za-z\u0102\u0103\u00c2\u00e2\u00ce\u00ee\u0218\u0219\u021a\u021b0-9.,\\s\\-#\\\/]+\" title=\"Permite litere, cifre, spa\u021bii, \u0219i simbolurile .,-#\/\">\n                        <span class=\"form-error-message\" id=\"address-error\"><\/span>\n                    <\/div>\n                    <div class=\"form-row\">\n                        <label for=\"email\">Adres\u0103 e-mail <span class=\"required\">*<\/span><\/label>\n                        <input type=\"email\" id=\"email\" name=\"email\" maxlength=\"100\" required>\n                        <span class=\"form-error-message\" id=\"email-error\"><\/span>\n                    <\/div>\n                    <div class=\"form-row\">\n                        <label for=\"phone\">Num\u0103r telefon<\/label>\n                        <input type=\"tel\" id=\"phone\" name=\"phone\" maxlength=\"30\" pattern=\"[0-9+\\s\\-\\(\\)]+\" title=\"Permite doar cifre, spa\u021bii \u0219i simbolurile + - ( )\">\n                        <span class=\"form-error-message\" id=\"phone-error\"><\/span>\n                    <\/div>\n                <\/div>\n\n                <div class=\"form-section\">\n                    <h3>Obiectul pl\u00e2ngerii<\/h3>\n                    <div class=\"form-row network-urls-group\">\n                        <label>URL-uri con\u021binut suspect<\/label>\n                        <p class=\"form-hint\">Introduce\u021bi URL-ul principal (obligatoriu) \u0219i p\u00e2n\u0103 la 19 URL-uri suplimentare (op\u021bional).<\/p>\n                                                    <div class=\"form-row network-urls\">\n                                <label for=\"url-1\">\n                                    URL 1                                     <span class=\"required\">*<\/span>                                <\/label>\n                                <input type=\"url\" id=\"url-1\" name=\"submitted_url[]\" placeholder=\"https:\/\/...\" required>\n                                <span class=\"form-error-message\" id=\"url-1-error\"><\/span>\n                            <\/div>\n                                                    <div class=\"form-row network-urls\">\n                                <label for=\"url-2\">\n                                    URL 2                                                                    <\/label>\n                                <input type=\"url\" id=\"url-2\" name=\"submitted_url[]\" placeholder=\"https:\/\/...\" >\n                                <span class=\"form-error-message\" id=\"url-2-error\"><\/span>\n                            <\/div>\n                                                    <div class=\"form-row network-urls\">\n                                <label for=\"url-3\">\n                                    URL 3                                                                    <\/label>\n                                <input type=\"url\" id=\"url-3\" name=\"submitted_url[]\" placeholder=\"https:\/\/...\" >\n                                <span class=\"form-error-message\" id=\"url-3-error\"><\/span>\n                            <\/div>\n                                                    <div class=\"form-row network-urls\">\n                                <label for=\"url-4\">\n                                    URL 4                                                                    <\/label>\n                                <input type=\"url\" id=\"url-4\" name=\"submitted_url[]\" placeholder=\"https:\/\/...\" >\n                                <span class=\"form-error-message\" id=\"url-4-error\"><\/span>\n                            <\/div>\n                                                    <div class=\"form-row network-urls\">\n                                <label for=\"url-5\">\n                                    URL 5                                                                    <\/label>\n                                <input type=\"url\" id=\"url-5\" name=\"submitted_url[]\" placeholder=\"https:\/\/...\" >\n                                <span class=\"form-error-message\" id=\"url-5-error\"><\/span>\n                            <\/div>\n                                                    <div class=\"form-row network-urls\">\n                                <label for=\"url-6\">\n                                    URL 6                                                                    <\/label>\n                                <input type=\"url\" id=\"url-6\" name=\"submitted_url[]\" placeholder=\"https:\/\/...\" >\n                                <span class=\"form-error-message\" id=\"url-6-error\"><\/span>\n                            <\/div>\n                                                    <div class=\"form-row network-urls\">\n                                <label for=\"url-7\">\n                                    URL 7                                                                    <\/label>\n                                <input type=\"url\" id=\"url-7\" name=\"submitted_url[]\" placeholder=\"https:\/\/...\" >\n                                <span class=\"form-error-message\" id=\"url-7-error\"><\/span>\n                            <\/div>\n                                                    <div class=\"form-row network-urls\">\n                                <label for=\"url-8\">\n                                    URL 8                                                                    <\/label>\n                                <input type=\"url\" id=\"url-8\" name=\"submitted_url[]\" placeholder=\"https:\/\/...\" >\n                                <span class=\"form-error-message\" id=\"url-8-error\"><\/span>\n                            <\/div>\n                                                    <div class=\"form-row network-urls\">\n                                <label for=\"url-9\">\n                                    URL 9                                                                    <\/label>\n                                <input type=\"url\" id=\"url-9\" name=\"submitted_url[]\" placeholder=\"https:\/\/...\" >\n                                <span class=\"form-error-message\" id=\"url-9-error\"><\/span>\n                            <\/div>\n                                                    <div class=\"form-row network-urls\">\n                                <label for=\"url-10\">\n                                    URL 10                                                                    <\/label>\n                                <input type=\"url\" id=\"url-10\" name=\"submitted_url[]\" placeholder=\"https:\/\/...\" >\n                                <span class=\"form-error-message\" id=\"url-10-error\"><\/span>\n                            <\/div>\n                                                    <div class=\"form-row network-urls\">\n                                <label for=\"url-11\">\n                                    URL 11                                                                    <\/label>\n                                <input type=\"url\" id=\"url-11\" name=\"submitted_url[]\" placeholder=\"https:\/\/...\" >\n                                <span class=\"form-error-message\" id=\"url-11-error\"><\/span>\n                            <\/div>\n                                                    <div class=\"form-row network-urls\">\n                                <label for=\"url-12\">\n                                    URL 12                                                                    <\/label>\n                                <input type=\"url\" id=\"url-12\" name=\"submitted_url[]\" placeholder=\"https:\/\/...\" >\n                                <span class=\"form-error-message\" id=\"url-12-error\"><\/span>\n                            <\/div>\n                                                    <div class=\"form-row network-urls\">\n                                <label for=\"url-13\">\n                                    URL 13                                                                    <\/label>\n                                <input type=\"url\" id=\"url-13\" name=\"submitted_url[]\" placeholder=\"https:\/\/...\" >\n                                <span class=\"form-error-message\" id=\"url-13-error\"><\/span>\n                            <\/div>\n                                                    <div class=\"form-row network-urls\">\n                                <label for=\"url-14\">\n                                    URL 14                                                                    <\/label>\n                                <input type=\"url\" id=\"url-14\" name=\"submitted_url[]\" placeholder=\"https:\/\/...\" >\n                                <span class=\"form-error-message\" id=\"url-14-error\"><\/span>\n                            <\/div>\n                                                    <div class=\"form-row network-urls\">\n                                <label for=\"url-15\">\n                                    URL 15                                                                    <\/label>\n                                <input type=\"url\" id=\"url-15\" name=\"submitted_url[]\" placeholder=\"https:\/\/...\" >\n                                <span class=\"form-error-message\" id=\"url-15-error\"><\/span>\n                            <\/div>\n                                                    <div class=\"form-row network-urls\">\n                                <label for=\"url-16\">\n                                    URL 16                                                                    <\/label>\n                                <input type=\"url\" id=\"url-16\" name=\"submitted_url[]\" placeholder=\"https:\/\/...\" >\n                                <span class=\"form-error-message\" id=\"url-16-error\"><\/span>\n                            <\/div>\n                                                    <div class=\"form-row network-urls\">\n                                <label for=\"url-17\">\n                                    URL 17                                                                    <\/label>\n                                <input type=\"url\" id=\"url-17\" name=\"submitted_url[]\" placeholder=\"https:\/\/...\" >\n                                <span class=\"form-error-message\" id=\"url-17-error\"><\/span>\n                            <\/div>\n                                                    <div class=\"form-row network-urls\">\n                                <label for=\"url-18\">\n                                    URL 18                                                                    <\/label>\n                                <input type=\"url\" id=\"url-18\" name=\"submitted_url[]\" placeholder=\"https:\/\/...\" >\n                                <span class=\"form-error-message\" id=\"url-18-error\"><\/span>\n                            <\/div>\n                                                    <div class=\"form-row network-urls\">\n                                <label for=\"url-19\">\n                                    URL 19                                                                    <\/label>\n                                <input type=\"url\" id=\"url-19\" name=\"submitted_url[]\" placeholder=\"https:\/\/...\" >\n                                <span class=\"form-error-message\" id=\"url-19-error\"><\/span>\n                            <\/div>\n                                                    <div class=\"form-row network-urls\">\n                                <label for=\"url-20\">\n                                    URL 20                                                                    <\/label>\n                                <input type=\"url\" id=\"url-20\" name=\"submitted_url[]\" placeholder=\"https:\/\/...\" >\n                                <span class=\"form-error-message\" id=\"url-20-error\"><\/span>\n                            <\/div>\n                                                <span class=\"form-error-message\" id=\"urls-error\"><\/span>\n                    <\/div>\n                    <div class=\"form-row\">\n                        <label for=\"complaint-details\">Detalii suplimentare pe care \u00eel consider a fi neconform cu legisla\u021bia \u00een vigoare privind materialele utilizate \u00een campania electoral\u0103, solicit\u00e2ndu-v\u0103 s\u0103 lua\u021bi m\u0103surile legale, av\u00e2nd \u00een vedere urm\u0103toarele: (op\u021bional, max. 5000 caractere)<\/label>\n                        <textarea id=\"complaint-details\" name=\"complaint_details\" maxlength=\"5000\" rows=\"5\"><\/textarea>\n                        <span class=\"form-error-message\" id=\"complaint-details-error\"><\/span>\n                    <\/div>\n                <\/div>\n\n                                <div class=\"form-section\">\n                    <h3>Verificare Anti-Spam<\/h3>\n                    <div class=\"form-row captcha-row\">\n                                                                            <label for=\"math-captcha\">C\u00e2t face 7 + 3? <span class=\"required\">*<\/span><\/label>\n                        <input type=\"text\" id=\"math-captcha\" name=\"math-captcha\" required autocomplete=\"off\" pattern=\"[0-9]+\" title=\"Introduce\u021bi doar cifre\" inputmode=\"numeric\" style=\"width: 60px;\">\n                            <span class=\"form-error-message\" id=\"math-captcha-error\"><\/span>\n                                            <\/div>\n                <\/div>\n\n                <div class=\"form-submit\">\n                    <button type=\"submit\" class=\"submit-button button button-primary button-large\">Trimite pl\u00e2ngerea<\/button>\n                <\/div>\n            <\/form>\n        <\/div>\n        \n","protected":false},"excerpt":{"rendered":"","protected":false},"author":1,"featured_media":0,"parent":0,"menu_order":0,"comment_status":"closed","ping_status":"closed","template":"","meta":{"footnotes":""},"class_list":["post-6","page","type-page","status-publish","hentry"],"_links":{"self":[{"href":"https:\/\/formtest.routerb.ro\/index.php\/wp-json\/wp\/v2\/pages\/6","targetHints":{"allow":["GET"]}}],"collection":[{"href":"https:\/\/formtest.routerb.ro\/index.php\/wp-json\/wp\/v2\/pages"}],"about":[{"href":"https:\/\/formtest.routerb.ro\/index.php\/wp-json\/wp\/v2\/types\/page"}],"author":[{"embeddable":true,"href":"https:\/\/formtest.routerb.ro\/index.php\/wp-json\/wp\/v2\/users\/1"}],"replies":[{"embeddable":true,"href":"https:\/\/formtest.routerb.ro\/index.php\/wp-json\/wp\/v2\/comments?post=6"}],"version-history":[{"count":1,"href":"https:\/\/formtest.routerb.ro\/index.php\/wp-json\/wp\/v2\/pages\/6\/revisions"}],"predecessor-version":[{"id":9,"href":"https:\/\/formtest.routerb.ro\/index.php\/wp-json\/wp\/v2\/pages\/6\/revisions\/9"}],"wp:attachment":[{"href":"https:\/\/formtest.routerb.ro\/index.php\/wp-json\/wp\/v2\/media?parent=6"}],"curies":[{"name":"wp","href":"https:\/\/api.w.org\/{rel}","templated":true}]}}